{"id":508,"date":"2022-08-12T12:08:06","date_gmt":"2022-08-12T16:08:06","guid":{"rendered":"https:\/\/staging.rayovac.ca\/?page_id=508"},"modified":"2022-09-26T12:18:47","modified_gmt":"2022-09-26T16:18:47","slug":"garanties","status":"publish","type":"page","link":"https:\/\/rayovac.ca\/fr\/garanties\/","title":{"rendered":"Warranties &#038; Guarantees"},"content":{"rendered":"[vc_row type=\u00a0\u00bbin_container\u00a0\u00bb full_screen_row_position=\u00a0\u00bbmiddle\u00a0\u00bb column_margin=\u00a0\u00bbdefault\u00a0\u00bb column_direction=\u00a0\u00bbdefault\u00a0\u00bb column_direction_tablet=\u00a0\u00bbdefault\u00a0\u00bb column_direction_phone=\u00a0\u00bbdefault\u00a0\u00bb scene_position=\u00a0\u00bbcenter\u00a0\u00bb text_color=\u00a0\u00bbdark\u00a0\u00bb text_align=\u00a0\u00bbleft\u00a0\u00bb row_border_radius=\u00a0\u00bbnone\u00a0\u00bb row_border_radius_applies=\u00a0\u00bbbg\u00a0\u00bb overlay_strength=\u00a0\u00bb0.3&Prime; gradient_direction=\u00a0\u00bbleft_to_right\u00a0\u00bb shape_divider_position=\u00a0\u00bbbottom\u00a0\u00bb bg_image_animation=\u00a0\u00bbnone\u00a0\u00bb][vc_column column_padding=\u00a0\u00bbno-extra-padding\u00a0\u00bb column_padding_tablet=\u00a0\u00bbinherit\u00a0\u00bb column_padding_phone=\u00a0\u00bbinherit\u00a0\u00bb column_padding_position=\u00a0\u00bball\u00a0\u00bb background_color_opacity=\u00a0\u00bb1&Prime; background_hover_color_opacity=\u00a0\u00bb1&Prime; column_shadow=\u00a0\u00bbnone\u00a0\u00bb column_border_radius=\u00a0\u00bbnone\u00a0\u00bb column_link_target=\u00a0\u00bb_self\u00a0\u00bb gradient_direction=\u00a0\u00bbleft_to_right\u00a0\u00bb overlay_strength=\u00a0\u00bb0.3&Prime; width=\u00a0\u00bb1\/1&Prime; tablet_width_inherit=\u00a0\u00bbdefault\u00a0\u00bb tablet_text_alignment=\u00a0\u00bbdefault\u00a0\u00bb phone_text_alignment=\u00a0\u00bbdefault\u00a0\u00bb column_border_width=\u00a0\u00bbnone\u00a0\u00bb column_border_style=\u00a0\u00bbsolid\u00a0\u00bb bg_image_animation=\u00a0\u00bbnone\u00a0\u00bb][vc_row_inner column_margin=\u00a0\u00bbdefault\u00a0\u00bb column_direction=\u00a0\u00bbdefault\u00a0\u00bb column_direction_tablet=\u00a0\u00bbdefault\u00a0\u00bb column_direction_phone=\u00a0\u00bbdefault\u00a0\u00bb text_align=\u00a0\u00bbleft\u00a0\u00bb][vc_column_inner column_padding=\u00a0\u00bbno-extra-padding\u00a0\u00bb column_padding_tablet=\u00a0\u00bbinherit\u00a0\u00bb column_padding_phone=\u00a0\u00bbinherit\u00a0\u00bb column_padding_position=\u00a0\u00bball\u00a0\u00bb background_color_opacity=\u00a0\u00bb1&Prime; background_hover_color_opacity=\u00a0\u00bb1&Prime; column_shadow=\u00a0\u00bbnone\u00a0\u00bb column_border_radius=\u00a0\u00bbnone\u00a0\u00bb column_link_target=\u00a0\u00bb_self\u00a0\u00bb gradient_direction=\u00a0\u00bbleft_to_right\u00a0\u00bb overlay_strength=\u00a0\u00bb0.3&Prime; width=\u00a0\u00bb1\/1&Prime; tablet_width_inherit=\u00a0\u00bbdefault\u00a0\u00bb column_border_width=\u00a0\u00bbnone\u00a0\u00bb column_border_style=\u00a0\u00bbsolid\u00a0\u00bb bg_image_animation=\u00a0\u00bbnone\u00a0\u00bb][vc_custom_heading text=\u00a0\u00bbGaranties\u00a0\u00bb font_container=\u00a0\u00bbtag:h2|text_align:left|color:%23dd3333&Prime; use_theme_fonts=\u00a0\u00bbyes\u00a0\u00bb css=\u00a0\u00bb.vc_custom_1664208797874{padding-top: 15px !important;padding-bottom: 15px !important;}\u00a0\u00bb][vc_column_text]RAYOVAC<sub>\u00ae<\/sub> est reconnue depuis plus de 100\u00a0ans pour fournir des piles et un \u00e9clairage durables et performants. Le design soign\u00e9 des produits et les tests rigoureux vous garantissent toujours une exp\u00e9rience exceptionnelle lorsque vous choisissez les piles, l\u2019\u00e9clairage et l\u2019alimentation portative RAYOVAC<sub>\u00ae<\/sub>. Consultez les garanties RAYOVAC<sub>\u00ae<\/sub> qui s\u2019appliquent \u00e0 votre produit en choisissant le produit ci-dessous\u00a0:[\/vc_column_text][vc_custom_heading text=\u00a0\u00bbGarantie de puissance RAYOVAC<sub>\u00ae<\/sub>\u00a0\u00bb font_container=\u00a0\u00bbtag:h3|text_align:left|color:%23000000&Prime; use_theme_fonts=\u00a0\u00bbyes\u00a0\u00bb][vc_column_text]Nous avons pass\u00e9 plus de 110\u00a0ans \u00e0 penser aux piles pour que vous puissiez moins y penser. Si vous n\u2019\u00eates pas enti\u00e8rement satisfait de la performance de nos piles, appelez-nous au 1-800-237-7000 ou envoyez-nous un courriel \u00e0 <a href=\"mailto:RayovacConsumerServices@energizer.com\">RayovacConsumerServices@energizer.com<\/a>. Veuillez avoir la taille de la pile et sa date d\u2019expiration \u00e0 port\u00e9e de main.<\/p>\n<p>Les piles RAYOVAC<sub>\u00ae<\/sub> sont con\u00e7ues pour \u00e9viter les fuites dommageables. RAYOVAC<sub>\u00ae<\/sub> r\u00e9parera, remplacera ou remboursera, \u00e0 sa discr\u00e9tion, tout appareil endommag\u00e9 par les piles RAYOVAC<sub>\u00ae<\/sub>* \u00e0 condition que les piles et l\u2019appareil n\u2019aient pas expir\u00e9, \u00e9t\u00e9 mal utilis\u00e9s ou modifi\u00e9s. S\u2019il n\u2019y a pas de remplacement exact disponible, les appareils peuvent \u00eatre remplac\u00e9s par un produit d\u2019une valeur marchande comparable au moment de la r\u00e9clamation. La pile qui fuit et l\u2019appareil endommag\u00e9 doivent \u00eatre envoy\u00e9s \u00e0 RAYOVAC<sub>\u00ae<\/sub>. Pour de plus amples renseignements, appelez-nous au 1-800-237-7000 ou envoyez-nous un courriel \u00e0 <a href=\"mailto:RayovacConsumerServices@energizer.com\">RayovacConsumerServices@energizer.com<\/a>.<\/p>\n<p><em>*Limite de 1 remboursement par produit achet\u00e9. Remboursement jusqu&rsquo;\u00e0 15\u00a0$ effectu\u00e9 par bon-rabais. Veuillez pr\u00e9voir de 6 \u00e0 8\u00a0semaines pour le traitement.<\/em><\/p>\n<ul>\n<li>RAYOVAC<sub>\u00ae<\/sub> n\u2019est pas responsable de tous les dommages accidentels, sp\u00e9ciaux ou indirects, y compris les pertes de profits. Les r\u00e9clamations de tiers sont exclues de cette garantie. Certains \u00e9tats n\u2019autorisent pas l\u2019exclusion ou la limitation des dommages accidentels ou indirects, de sorte que la limitation ou l\u2019exclusion ci-dessus peut ne pas s&rsquo;appliquer \u00e0 vous. La pr\u00e9sente garantie vous conf\u00e8re des droits sp\u00e9cifiques, lesquels peuvent varier d\u2019un \u00e9tat \u00e0 l\u2019autre.<\/li>\n<\/ul>\n[\/vc_column_text][vc_custom_heading text=\u00a0\u00bbGarantie de la lampe de poche\u00a0\u00bb font_container=\u00a0\u00bbtag:h3|text_align:left|color:%23000000&Prime; use_theme_fonts=\u00a0\u00bbyes\u00a0\u00bb css=\u00a0\u00bb.vc_custom_1664209073559{padding-top: 15px !important;padding-bottom: 15px !important;}\u00a0\u00bb][vc_column_text]Garantie \u00e0 vie\u00a0: Nous rembourserons, \u00e0 notre choix, la lampe de poche de marque RAYOVAC<sub>\u00ae<\/sub> s\u00e9lectionn\u00e9e comme indiqu\u00e9 sur l\u2019emballage de consommation. Aucun emballage ou re\u00e7u requis. Pour obtenir plus de renseignements sur le retour du mat\u00e9riel requis, appelez-nous au 1-800-237-7000 ou envoyez-nous un courriel \u00e0 <a href=\"mailto:RayovacConsumerServices@energizer.com\">RayovacConsumerServices@energizer.com<\/a>. La garantie exclut les dommages caus\u00e9s par la fuite des piles, des accidents et une mauvaise utilisation.[\/vc_column_text][\/vc_column_inner][\/vc_row_inner][\/vc_column][\/vc_row]\n","protected":false},"excerpt":{"rendered":"<p>[vc_row type=\u00a0\u00bbin_container\u00a0\u00bb full_screen_row_position=\u00a0\u00bbmiddle\u00a0\u00bb column_margin=\u00a0\u00bbdefault\u00a0\u00bb column_direction=\u00a0\u00bbdefault\u00a0\u00bb column_direction_tablet=\u00a0\u00bbdefault\u00a0\u00bb column_direction_phone=\u00a0\u00bbdefault\u00a0\u00bb scene_position=\u00a0\u00bbcenter\u00a0\u00bb text_color=\u00a0\u00bbdark\u00a0\u00bb text_align=\u00a0\u00bbleft\u00a0\u00bb row_border_radius=\u00a0\u00bbnone\u00a0\u00bb row_border_radius_applies=\u00a0\u00bbbg\u00a0\u00bb overlay_strength=\u00a0\u00bb0.3&Prime; gradient_direction=\u00a0\u00bbleft_to_right\u00a0\u00bb shape_divider_position=\u00a0\u00bbbottom\u00a0\u00bb bg_image_animation=\u00a0\u00bbnone\u00a0\u00bb][vc_column column_padding=\u00a0\u00bbno-extra-padding\u00a0\u00bb column_padding_tablet=\u00a0\u00bbinherit\u00a0\u00bb column_padding_phone=\u00a0\u00bbinherit\u00a0\u00bb column_padding_position=\u00a0\u00bball\u00a0\u00bb background_color_opacity=\u00a0\u00bb1&Prime; background_hover_color_opacity=\u00a0\u00bb1&Prime; column_shadow=\u00a0\u00bbnone\u00a0\u00bb column_border_radius=\u00a0\u00bbnone\u00a0\u00bb column_link_target=\u00a0\u00bb_self\u00a0\u00bb gradient_direction=\u00a0\u00bbleft_to_right\u00a0\u00bb overlay_strength=\u00a0\u00bb0.3&Prime; width=\u00a0\u00bb1\/1&Prime; tablet_width_inherit=\u00a0\u00bbdefault\u00a0\u00bb tablet_text_alignment=\u00a0\u00bbdefault\u00a0\u00bb&#8230;<\/p>\n","protected":false},"author":2,"featured_media":0,"parent":0,"menu_order":0,"comment_status":"closed","ping_status":"closed","template":"","meta":{"footnotes":""},"class_list":["post-508","page","type-page","status-publish"],"yoast_head":"<title>Warranties &amp; Guarantees - Rayovac<\/title>\n<meta name=\"robots\" content=\"index, follow, max-snippet:-1, max-image-preview:large, max-video-preview:-1\" \/>\n<link rel=\"canonical\" href=\"https:\/\/rayovac.ca\/fr\/garanties\/\" \/>\n<meta property=\"og:locale\" content=\"fr_FR\" \/>\n<meta property=\"og:type\" content=\"article\" \/>\n<meta property=\"og:title\" content=\"Warranties &amp; Guarantees - Rayovac\" \/>\n<meta property=\"og:description\" content=\"[vc_row type=\u00a0\u00bbin_container\u00a0\u00bb full_screen_row_position=\u00a0\u00bbmiddle\u00a0\u00bb column_margin=\u00a0\u00bbdefault\u00a0\u00bb column_direction=\u00a0\u00bbdefault\u00a0\u00bb column_direction_tablet=\u00a0\u00bbdefault\u00a0\u00bb column_direction_phone=\u00a0\u00bbdefault\u00a0\u00bb scene_position=\u00a0\u00bbcenter\u00a0\u00bb text_color=\u00a0\u00bbdark\u00a0\u00bb text_align=\u00a0\u00bbleft\u00a0\u00bb row_border_radius=\u00a0\u00bbnone\u00a0\u00bb row_border_radius_applies=\u00a0\u00bbbg\u00a0\u00bb overlay_strength=\u00a0\u00bb0.3&Prime; gradient_direction=\u00a0\u00bbleft_to_right\u00a0\u00bb shape_divider_position=\u00a0\u00bbbottom\u00a0\u00bb bg_image_animation=\u00a0\u00bbnone\u00a0\u00bb][vc_column column_padding=\u00a0\u00bbno-extra-padding\u00a0\u00bb column_padding_tablet=\u00a0\u00bbinherit\u00a0\u00bb column_padding_phone=\u00a0\u00bbinherit\u00a0\u00bb column_padding_position=\u00a0\u00bball\u00a0\u00bb background_color_opacity=\u00a0\u00bb1&Prime; background_hover_color_opacity=\u00a0\u00bb1&Prime; column_shadow=\u00a0\u00bbnone\u00a0\u00bb column_border_radius=\u00a0\u00bbnone\u00a0\u00bb column_link_target=\u00a0\u00bb_self\u00a0\u00bb gradient_direction=\u00a0\u00bbleft_to_right\u00a0\u00bb overlay_strength=\u00a0\u00bb0.3&Prime; width=\u00a0\u00bb1\/1&Prime; tablet_width_inherit=\u00a0\u00bbdefault\u00a0\u00bb tablet_text_alignment=\u00a0\u00bbdefault\u00a0\u00bb...\" \/>\n<meta property=\"og:url\" content=\"https:\/\/rayovac.ca\/fr\/garanties\/\" \/>\n<meta property=\"og:site_name\" content=\"Rayovac\" \/>\n<meta property=\"article:modified_time\" content=\"2022-09-26T16:18:47+00:00\" \/>\n<meta name=\"twitter:card\" content=\"summary_large_image\" \/>\n<meta name=\"twitter:label1\" content=\"Dur\u00e9e de lecture estim\u00e9e\" \/>\n\t<meta name=\"twitter:data1\" content=\"4 minutes\" \/>\n<script type=\"application\/ld+json\" class=\"yoast-schema-graph\">{\"@context\":\"https:\/\/schema.org\",\"@graph\":[{\"@type\":\"WebPage\",\"@id\":\"https:\/\/rayovac.ca\/fr\/garanties\/\",\"url\":\"https:\/\/rayovac.ca\/fr\/garanties\/\",\"name\":\"Warranties & Guarantees - Rayovac\",\"isPartOf\":{\"@id\":\"https:\/\/rayovac.ca\/fr\/#website\"},\"datePublished\":\"2022-08-12T16:08:06+00:00\",\"dateModified\":\"2022-09-26T16:18:47+00:00\",\"breadcrumb\":{\"@id\":\"https:\/\/rayovac.ca\/fr\/garanties\/#breadcrumb\"},\"inLanguage\":\"fr-FR\",\"potentialAction\":[{\"@type\":\"ReadAction\",\"target\":[\"https:\/\/rayovac.ca\/fr\/garanties\/\"]}]},{\"@type\":\"BreadcrumbList\",\"@id\":\"https:\/\/rayovac.ca\/fr\/garanties\/#breadcrumb\",\"itemListElement\":[{\"@type\":\"ListItem\",\"position\":1,\"name\":\"Home\",\"item\":\"https:\/\/rayovac.ca\/fr\/\"},{\"@type\":\"ListItem\",\"position\":2,\"name\":\"Warranties &#038; Guarantees\"}]},{\"@type\":\"WebSite\",\"@id\":\"https:\/\/rayovac.ca\/fr\/#website\",\"url\":\"https:\/\/rayovac.ca\/fr\/\",\"name\":\"Rayovac\",\"description\":\"\",\"potentialAction\":[{\"@type\":\"SearchAction\",\"target\":{\"@type\":\"EntryPoint\",\"urlTemplate\":\"https:\/\/rayovac.ca\/fr\/?s={search_term_string}\"},\"query-input\":{\"@type\":\"PropertyValueSpecification\",\"valueRequired\":true,\"valueName\":\"search_term_string\"}}],\"inLanguage\":\"fr-FR\"}]}<\/script>","yoast_head_json":{"title":"Warranties & Guarantees - Rayovac","robots":{"index":"index","follow":"follow","max-snippet":"max-snippet:-1","max-image-preview":"max-image-preview:large","max-video-preview":"max-video-preview:-1"},"canonical":"https:\/\/rayovac.ca\/fr\/garanties\/","og_locale":"fr_FR","og_type":"article","og_title":"Warranties & Guarantees - Rayovac","og_description":"[vc_row type=\u00a0\u00bbin_container\u00a0\u00bb full_screen_row_position=\u00a0\u00bbmiddle\u00a0\u00bb column_margin=\u00a0\u00bbdefault\u00a0\u00bb column_direction=\u00a0\u00bbdefault\u00a0\u00bb column_direction_tablet=\u00a0\u00bbdefault\u00a0\u00bb column_direction_phone=\u00a0\u00bbdefault\u00a0\u00bb scene_position=\u00a0\u00bbcenter\u00a0\u00bb text_color=\u00a0\u00bbdark\u00a0\u00bb text_align=\u00a0\u00bbleft\u00a0\u00bb row_border_radius=\u00a0\u00bbnone\u00a0\u00bb row_border_radius_applies=\u00a0\u00bbbg\u00a0\u00bb overlay_strength=\u00a0\u00bb0.3&Prime; gradient_direction=\u00a0\u00bbleft_to_right\u00a0\u00bb shape_divider_position=\u00a0\u00bbbottom\u00a0\u00bb bg_image_animation=\u00a0\u00bbnone\u00a0\u00bb][vc_column column_padding=\u00a0\u00bbno-extra-padding\u00a0\u00bb column_padding_tablet=\u00a0\u00bbinherit\u00a0\u00bb column_padding_phone=\u00a0\u00bbinherit\u00a0\u00bb column_padding_position=\u00a0\u00bball\u00a0\u00bb background_color_opacity=\u00a0\u00bb1&Prime; background_hover_color_opacity=\u00a0\u00bb1&Prime; column_shadow=\u00a0\u00bbnone\u00a0\u00bb column_border_radius=\u00a0\u00bbnone\u00a0\u00bb column_link_target=\u00a0\u00bb_self\u00a0\u00bb gradient_direction=\u00a0\u00bbleft_to_right\u00a0\u00bb overlay_strength=\u00a0\u00bb0.3&Prime; width=\u00a0\u00bb1\/1&Prime; tablet_width_inherit=\u00a0\u00bbdefault\u00a0\u00bb tablet_text_alignment=\u00a0\u00bbdefault\u00a0\u00bb...","og_url":"https:\/\/rayovac.ca\/fr\/garanties\/","og_site_name":"Rayovac","article_modified_time":"2022-09-26T16:18:47+00:00","twitter_card":"summary_large_image","twitter_misc":{"Dur\u00e9e de lecture estim\u00e9e":"4 minutes"},"schema":{"@context":"https:\/\/schema.org","@graph":[{"@type":"WebPage","@id":"https:\/\/rayovac.ca\/fr\/garanties\/","url":"https:\/\/rayovac.ca\/fr\/garanties\/","name":"Warranties & Guarantees - Rayovac","isPartOf":{"@id":"https:\/\/rayovac.ca\/fr\/#website"},"datePublished":"2022-08-12T16:08:06+00:00","dateModified":"2022-09-26T16:18:47+00:00","breadcrumb":{"@id":"https:\/\/rayovac.ca\/fr\/garanties\/#breadcrumb"},"inLanguage":"fr-FR","potentialAction":[{"@type":"ReadAction","target":["https:\/\/rayovac.ca\/fr\/garanties\/"]}]},{"@type":"BreadcrumbList","@id":"https:\/\/rayovac.ca\/fr\/garanties\/#breadcrumb","itemListElement":[{"@type":"ListItem","position":1,"name":"Home","item":"https:\/\/rayovac.ca\/fr\/"},{"@type":"ListItem","position":2,"name":"Warranties &#038; Guarantees"}]},{"@type":"WebSite","@id":"https:\/\/rayovac.ca\/fr\/#website","url":"https:\/\/rayovac.ca\/fr\/","name":"Rayovac","description":"","potentialAction":[{"@type":"SearchAction","target":{"@type":"EntryPoint","urlTemplate":"https:\/\/rayovac.ca\/fr\/?s={search_term_string}"},"query-input":{"@type":"PropertyValueSpecification","valueRequired":true,"valueName":"search_term_string"}}],"inLanguage":"fr-FR"}]}},"_links":{"self":[{"href":"https:\/\/rayovac.ca\/fr\/wp-json\/wp\/v2\/pages\/508"}],"collection":[{"href":"https:\/\/rayovac.ca\/fr\/wp-json\/wp\/v2\/pages"}],"about":[{"href":"https:\/\/rayovac.ca\/fr\/wp-json\/wp\/v2\/types\/page"}],"author":[{"embeddable":true,"href":"https:\/\/rayovac.ca\/fr\/wp-json\/wp\/v2\/users\/2"}],"replies":[{"embeddable":true,"href":"https:\/\/rayovac.ca\/fr\/wp-json\/wp\/v2\/comments?post=508"}],"version-history":[{"count":4,"href":"https:\/\/rayovac.ca\/fr\/wp-json\/wp\/v2\/pages\/508\/revisions"}],"predecessor-version":[{"id":583,"href":"https:\/\/rayovac.ca\/fr\/wp-json\/wp\/v2\/pages\/508\/revisions\/583"}],"wp:attachment":[{"href":"https:\/\/rayovac.ca\/fr\/wp-json\/wp\/v2\/media?parent=508"}],"curies":[{"name":"wp","href":"https:\/\/api.w.org\/{rel}","templated":true}]}}